{"id":117,"date":"2019-02-27T16:05:05","date_gmt":"2019-02-27T21:05:05","guid":{"rendered":"https:\/\/www.utn.edu.ec\/incics\/?page_id=117"},"modified":"2019-09-05T12:16:35","modified_gmt":"2019-09-05T17:16:35","slug":"informacion","status":"publish","type":"page","link":"https:\/\/incics.utn.edu.ec\/","title":{"rendered":"Informaci\u00f3n"},"content":{"rendered":"\n<p style=\"text-align: justify\">El Congreso Internacional en Ciencias de la Computaci\u00f3n INCICS 2019, en su segunda edici\u00f3n, tendr\u00e1 lugar los d\u00edas 16, 17 y 18 de octubre del 2019 en la Universidad T\u00e9cnica del Norte (Ibarra-Ecuador). Creado con el objetivo de intercambiar conocimientos y avances tecnol\u00f3gicos-cient\u00edficos entre la academia y el sector empresarial. Este congreso es un espacio de di\u00e1logo y debate de alto nivel t\u00e9cnico-cient\u00edfico sobre resultados de investigaciones en las \u00e1reas de Ciencias de la Computaci\u00f3n, Ingenier\u00eda de software, Tecnolog\u00edas y Sistemas de Informaci\u00f3n, Redes de Comunicaci\u00f3n, Gesti\u00f3n inteligente del territorio, entre otros.\n<br><br>\nLas publicaciones enviadas al congreso ser\u00e1n evaluadas por un Comit\u00e9 Cient\u00edfico Internacional, el cual valorar\u00e1 la pertinencia y originalidad de los trabajos. Las publicaciones aceptadas ser\u00e1n publicadas en la Revista Ib\u00e9rica de Sistemas y Tecnolog\u00edas de la Informaci\u00f3n, <a href=\"http:\/\/www.risti.xyz\/\">RISTI<\/a> indexada en <b>SCOPUS<\/b> (SJR Q3). Los trabajos ser\u00e1n enviados \u00fanicamente a trav\u00e9s de la plataforma <a href=\"https:\/\/easychair.org\/cfp\/INCICS2019\">EasyChair<\/a>.\n<\/p>\n\n\n\n<br>\n<b><p>Cronograma: <\/p><\/b>\n\n\n\n<ul><li>Env\u00edo de art\u00edculos:    hasta el <strike style=\"color:red;\">15 de junio de 2019<\/strike> 30 de junio de 2019 <\/li><li>Notificaci\u00f3n de resultados de evaluaci\u00f3n:  <strike style=\"color:red;\">31 de julio del 2019<\/strike>  08 de agosto del 2019<\/li><li>Env\u00edo de la versi\u00f3n final de los trabajos aceptados:  <strike style=\"color:red;\">15 de agosto del 2019<\/strike>  22 de agosto del 2019<\/li><li>Registro y pago de participaci\u00f3n en el evento:    del <strike style=\"color:red;\">02 al 13 de septiembre del 2019<\/strike> 06 al 25 de septiembre del 2019<\/li><li>Congreso:    del 16 al 18 de octubre del 2019<\/li><\/ul>\n\n\n\n<br><\/br>\nINCICS 2019 cuenta con el apoyo acad\u00e9mico de:\n\n\n\n<ul><li>Universidad T\u00e9cnica del Norte (Ecuador) <\/li><li>Universidad de Sevilla (Espa\u00f1a)<\/li><li>Universidad Complutense de Madrid (Espa\u00f1a)<\/li><li>Universidad de Minho (Portugal)<\/li><li>Universidad Nacional de la Plata (Argentina)<\/li><li>Secretar\u00eda de Educaci\u00f3n Superior, Ciencia, Tecnolog\u00eda e Innovaci\u00f3n (Ecuador)<\/li><li>Red CEDIA<\/li><li>Red RTC-REDU<\/li><li>Asociaci\u00f3n Ib\u00e9rica de Sistemas y Tecnolog\u00edas de Informaci\u00f3n (AISTI, Portugal)<\/li><\/ul>\n","protected":false},"excerpt":{"rendered":"<p>El Congreso Internacional en Ciencias de la Computaci\u00f3n INCICS 2019, en su segunda edici\u00f3n, tendr\u00e1 lugar los d\u00edas 16, 17 y 18 de octubre del 2019 en la Universidad T\u00e9cnica del Norte (Ibarra-Ecuador). Creado con el objetivo de intercambiar conocimientos y avances tecnol\u00f3gicos-cient\u00edficos entre la academia y el sector empresarial. Este congreso es un espacio [&hellip;]<\/p>\n","protected":false},"author":2,"featured_media":0,"parent":0,"menu_order":0,"comment_status":"closed","ping_status":"closed","template":"","meta":[],"_links":{"self":[{"href":"https:\/\/incics.utn.edu.ec\/index.php\/wp-json\/wp\/v2\/pages\/117"}],"collection":[{"href":"https:\/\/incics.utn.edu.ec\/index.php\/wp-json\/wp\/v2\/pages"}],"about":[{"href":"https:\/\/incics.utn.edu.ec\/index.php\/wp-json\/wp\/v2\/types\/page"}],"author":[{"embeddable":true,"href":"https:\/\/incics.utn.edu.ec\/index.php\/wp-json\/wp\/v2\/users\/2"}],"replies":[{"embeddable":true,"href":"https:\/\/incics.utn.edu.ec\/index.php\/wp-json\/wp\/v2\/comments?post=117"}],"version-history":[{"count":64,"href":"https:\/\/incics.utn.edu.ec\/index.php\/wp-json\/wp\/v2\/pages\/117\/revisions"}],"predecessor-version":[{"id":1071,"href":"https:\/\/incics.utn.edu.ec\/index.php\/wp-json\/wp\/v2\/pages\/117\/revisions\/1071"}],"wp:attachment":[{"href":"https:\/\/incics.utn.edu.ec\/index.php\/wp-json\/wp\/v2\/media?parent=117"}],"curies":[{"name":"wp","href":"https:\/\/api.w.org\/{rel}","templated":true}]}}