{"id":20,"date":"2019-02-26T22:39:43","date_gmt":"2019-02-26T22:39:43","guid":{"rendered":"https:\/\/www.utn.edu.ec\/incics\/?page_id=20"},"modified":"2019-10-04T09:43:36","modified_gmt":"2019-10-04T14:43:36","slug":"conferencistas","status":"publish","type":"page","link":"https:\/\/incics.utn.edu.ec\/index.php\/conferencistas\/","title":{"rendered":"Conferencias magistrales"},"content":{"rendered":"\n<div class=\"wp-block-media-text alignwide\" style=\"grid-template-columns:13% auto\"><figure class=\"wp-block-media-text__media\"><img decoding=\"async\" loading=\"lazy\" width=\"283\" height=\"332\" src=\"https:\/\/www.utn.edu.ec\/incics\/wp-content\/uploads\/2019\/06\/1.jpg\" alt=\"\" class=\"wp-image-987\" srcset=\"https:\/\/incics.utn.edu.ec\/wp-content\/uploads\/2019\/06\/1.jpg 283w, https:\/\/incics.utn.edu.ec\/wp-content\/uploads\/2019\/06\/1-256x300.jpg 256w\" sizes=\"(max-width: 283px) 100vw, 283px\" \/><\/figure><div class=\"wp-block-media-text__content\">\n<p style=\"text-align:center\"><strong>CONFERENCIA\u00a0 1<\/strong><\/p>\n\n\n\n<p><strong>Tema<\/strong>:  Potencialidades de uso de la Inteligencia Artificial en los ambientes educativos. <\/p>\n\n\n\n<p><strong>Resumen: <\/strong><\/p>\n\n\n\n<p ALIGN=\"justify\">La Inteligencia Artificial se encuentra en su momento hist\u00f3rico de mayor inter\u00e9s y desarrollo a nivel mundial. Se ha convertido en el foco de inter\u00e9s de Mandatarios, Gobiernos, Corporaciones Internacionales y un inter\u00e9s incre\u00edble a nivel de la colectividad en general que desea conocer los alcances, mitos, realidades y el futuro y tendencias asociadas a su desarrollo.\nPor otro lado, el mismo desarrollo de la tecnolog\u00eda ha creado movimientos y reflexiones importantes sobre el papel de los docentes en los ambientes educativos y las herramientas tecnol\u00f3gicas que pueden ser utilizadas para apoyar el proceso de aprendizaje a lo largo de la vida.\nEn esta conferencia se va a dar a conocer las principales t\u00e9cnicas de la inteligencia artificial, los conceptos asociados al aprendizaje a lo largo de la vida y las potencialidades de utilizar las t\u00e9cnicas de Inteligencia Artificial en los ambientes educativos y las \u00e1reas que se podr\u00edan fortalecer y reforzar con su utilizaci\u00f3n.\n <\/p>\n\n\n\n<p><strong>Ponente: <\/strong>Dr. Francklin Rivas Echeverr\u00eda\n\n\n\n<\/p>\n\n\n\n<h2><\/h2>\n\n\n\n<p ALIGN=\"justify\">Es Ingeniero de Sistemas (1993) de la Universidad de Los Andes, M\u00e9rida-Venezuela, Magister en Ingenier\u00eda de Control (1996) y Doctorado en Ciencias Aplicadas (2000). Es Abogado con distinci\u00f3n Cum Laude (2017). Posee un Diplomado en Derecho Administrativo, otro en Gerencia Estrat\u00e9gica. Es Acad\u00e9mico y SubDirector de Vinculaci\u00f3n con el Medio en la Universidad T\u00e9cnica Federico Santa Mar\u00eda, Chile. Profesor Titular Jubilado de la Escuela de Ingenier\u00eda de Sistemas de la Universidad de los Andes. Docente de la Pontificia Universidad Cat\u00f3lica del Ecuador, Sede Ibarra. Profesor invitado en Yachay Tech, Ecuador. Investigador Prometeo (Senescyt, Ecuador) desde 2015 al 2016. Presidente del Comit\u00e9 organizador del Congreso Internacional COISINT 2019.<\/p>\n\n\n\n<p ALIGN=\"justify\">Ha publicado m\u00e1s de 250 art\u00edculos cient\u00edficos en revistas, libros y memorias de congresos internacionales. Es coautor y\/o editor de 14 libros. Ha sido invitado especial para dictar Conferencias Magistrales y Tutoriales en varias partes del mundo. Ha recibido varios premios nacionales e internacionales. Ha sido consultor de la Organizaci\u00f3n de las Naciones Unidas (ONU), Kuwait Oil Company (KOC), Halliburton, industria petrolera venezolana (PDVSA), diferentes ministerios y universidades a nivel internacional, entre otros. Ha sido director de m\u00e1s de 80 proyectos o tesis de grado a nivel de Licenciatura, Maestr\u00eda y Doctorado. Ha recibido algunos reconocimientos: Empresa Halliburton por \u201ccontribuciones y dedicaci\u00f3n al desarrollo de la Tecnolog\u00eda petrolera\u201d y Revista Internacional \u201cGerente\u201d por estar entre los 100 Gerentes Venezolanos m\u00e1s exitosos.\nSu principal l\u00ednea de investigaci\u00f3n est\u00e1 relacionada a la Inteligencia Artificial y sus aplicaciones. \n<\/p>\n\n\n\n<p><\/p>\n<\/div><\/div>\n\n\n\n<div class=\"wp-block-media-text alignwide\" style=\"grid-template-columns:13% auto\"><figure class=\"wp-block-media-text__media\"><img decoding=\"async\" loading=\"lazy\" width=\"276\" height=\"386\" src=\"https:\/\/www.utn.edu.ec\/incics\/wp-content\/uploads\/2019\/03\/ing.png\" alt=\"\" class=\"wp-image-793\" srcset=\"https:\/\/incics.utn.edu.ec\/wp-content\/uploads\/2019\/03\/ing.png 276w, https:\/\/incics.utn.edu.ec\/wp-content\/uploads\/2019\/03\/ing-215x300.png 215w\" sizes=\"(max-width: 276px) 100vw, 276px\" \/><\/figure><div class=\"wp-block-media-text__content\">\n<p style=\"text-align:center\"><strong>CONFERENCIA\u00a0 2<\/strong><\/p>\n\n\n\n<p><strong>Tema<\/strong>:  Sistemas inteligentes para aplicaciones biom\u00e9dicas. <\/p>\n\n\n\n<p><strong>Resumen: <\/strong><\/p>\n\n\n\n<p ALIGN=\"justify\">En biom\u00e9dica, el diagn\u00f3stico asistido por computadora es un \u00e1rea de gran inter\u00e9s, es de hecho la parte complementaria adecuada para equipos biom\u00e9dicos dedicados a la adquisici\u00f3n de mediciones m\u00e9dicas o al almacenamiento de datos del paciente. Esta charla describe brevemente los aspectos b\u00e1sicos de la representaci\u00f3n de datos biom\u00e9dicos (matrices de datos, se\u00f1ales, im\u00e1genes y videos) y su an\u00e1lisis correspondiente dirigido al dise\u00f1o de sistemas autom\u00e1ticos de asistencia de diagn\u00f3stico. Adem\u00e1s, se presentan algunas aplicaciones y enfoques de gran inter\u00e9s y de vanguardia, desde un enfoque del procesado digital de se\u00f1ales y aprendizaje autom\u00e1tico. <\/p>\n\n\n\n<p><strong>Ponente: <\/strong>Dr. Diego Hern\u00e1n Peluffo Ord\u00f3\u00f1ez\n\n\n\n<\/p>\n\n\n\n<h2><\/h2>\n\n\n\n<p ALIGN=\"justify\">Naci\u00f3 en San Juan\nde Pasto, Nari\u00f1o (Colombia). \u00c9l es ingeniero el\u00e9ctrico, mag\u00edster en\nautomatizaci\u00f3n industrial, y doctor en ingenier\u00eda de la Universidad Nacional de\nColombia. Realiz\u00f3 una estancia postdoctoral la realiz\u00f3 en la Universidad\nCat\u00f3lica de Lovaina (B\u00e9lgica). <\/p>\n\n\n\n<p ALIGN=\"justify\">Actualmente, trabaja como profesor en la Facultad de Ciencias\nMatem\u00e1ticas y Tecnolog\u00eda de la Informaci\u00f3n, e investigador en la L\u00ednea de\nInvestigaci\u00f3n de Inteligencia Computacional en Yachay Tech \u2013 Ecuador. Es\nsupervisor y miembro externo del grupo de investigaci\u00f3n ALEPHSYS (Algoritmos\nincorporados en sistemas f\u00edsicos) de la Universitat Rovira i Virgila \u2013 Espa\u00f1a.\nEs profesor invitado en la Universidad de Nari\u00f1o y Corporaci\u00f3n Universitaria\nAut\u00f3noma de Nari\u00f1o. Tambi\u00e9n es el director del Grupo de Investigaci\u00f3n SDAS.\nAnteriormente, trabaj\u00f3 como profesor asistente en la Universidad Cooperativa de\nColombia (Pasto, 2014), investigador y docente en la Universidad T\u00e9cnica del\nNorte \u2013 Ecuador (2015-2017). \n\nSus principales intereses de investigaci\u00f3n son\nlos m\u00e9todos basados en kernel y espectrales para clasificaci\u00f3n basada en\nm\u00faltiples anotadores, agrupaci\u00f3n de datos y reducci\u00f3n de dimensionalidad. Sus\naplicaciones de inter\u00e9s abarcan el an\u00e1lisis de datos complejos de alta\ndimensi\u00f3n, se\u00f1ales, im\u00e1genes y an\u00e1lisis de videos para escenarios m\u00e9dicos y de\nla industria.\n<\/p>\n\n\n\n<p><\/p>\n<\/div><\/div>\n\n\n\n<div class=\"wp-block-media-text alignwide\" style=\"grid-template-columns:13% auto\"><figure class=\"wp-block-media-text__media\"><img decoding=\"async\" loading=\"lazy\" width=\"200\" height=\"200\" src=\"https:\/\/www.utn.edu.ec\/incics\/wp-content\/uploads\/2019\/06\/1-1.jpg\" alt=\"\" class=\"wp-image-999\" srcset=\"https:\/\/incics.utn.edu.ec\/wp-content\/uploads\/2019\/06\/1-1.jpg 200w, https:\/\/incics.utn.edu.ec\/wp-content\/uploads\/2019\/06\/1-1-150x150.jpg 150w\" sizes=\"(max-width: 200px) 100vw, 200px\" \/><\/figure><div class=\"wp-block-media-text__content\">\n<p style=\"text-align:center\"><strong>CONFERENCIA&nbsp; 3<\/strong><\/p>\n\n\n\n<p><strong>Tema<\/strong>:   Questions to ask when designing a research plan. <\/p>\n\n\n\n<p><strong>Summary: <\/strong><\/p>\n\n\n\n<p ALIGN=\"justify\">Producing a research plan, or research design, is a key activity within research. A research plan describes the activities to be carried out during a research project that involves the collection of empirical evidence relevant to the project\u2019s objectives.\nThe production of a research plan involves a set of decisions about what research approaches, methods and techniques to apply. These decisions are often presented as mainly depending on choices to be made by researchers, taking into consideration their preferences, dispositions and epistemological stances.\nIn this talk, those choices are presented as mainly determined by the answers to a set of questions about the phenomena under investigation and the type of scientific knowledge will be produced. Two issues will be particularly addressed: how to gain access to the phenomenon under investigation; whether is is possible to interfere with the phenomenon while it is occurring.\n\n <\/p>\n\n\n\n<p><strong>Speaker: <\/strong> Dr. Jo\u00e3o Alvaro Carvalho  <\/p>\n\n\n\n<h2><\/h2>\n\n\n\n<p ALIGN=\"justify\">He is Full Professor and Head of Department at the Department of Information Systems, School of Engineering, University of Minho and researcher at Centro ALGORITMI. He is also Adjunct Professor at the United Nations University Operating Unit on Policy-Driven Electronic Governance (UNU-EGOV). <\/p>\n\n\n\n<p ALIGN=\"justify\">His academic interests focus on the fundamentals of information systems and on enterprise development interventions that involve the implantation, use and exploitation of information technology. He is also interested on research approaches and methods and on information systems curricula and education.\n<br><\/br>\nHe was one of the founders of the APSI \u2013 the Portuguese association in IS (currently an AIS national chapter) and of its annual conference \u2013 CAPSI (serving currently in the CAPSI\u2019s advisory board). Served as national representative in IFIP TC8 for several years until 2009. Co-Programme Chair of ECIS 2017, member of the MSIS 2016 task force and chair of the organising committee of SaITE 2016 &#8211; Stakeholders and Information Technology in Education an IFIP TC3 joint conference. \n \n<\/p>\n\n\n\n<p><\/p>\n<\/div><\/div>\n\n\n\n<div class=\"wp-block-media-text alignwide\" style=\"grid-template-columns:13% auto\"><figure class=\"wp-block-media-text__media\"><img decoding=\"async\" loading=\"lazy\" width=\"273\" height=\"367\" src=\"https:\/\/www.utn.edu.ec\/incics\/wp-content\/uploads\/2019\/09\/111.png\" alt=\"\" class=\"wp-image-1076\" srcset=\"https:\/\/incics.utn.edu.ec\/wp-content\/uploads\/2019\/09\/111.png 273w, https:\/\/incics.utn.edu.ec\/wp-content\/uploads\/2019\/09\/111-223x300.png 223w\" sizes=\"(max-width: 273px) 100vw, 273px\" \/><\/figure><div class=\"wp-block-media-text__content\">\n<p style=\"text-align:center\"><strong>CONFERENCIA&nbsp; 4<\/strong><\/p>\n\n\n\n<p><strong>Tema<\/strong>:   Tendencias y retos en Miner\u00eda de Datos. <\/p>\n\n\n\n<p><strong>Resumen: <\/strong><\/p>\n\n\n\n<p ALIGN=\"justify\">Esta charla se divide en tres partes, la primer se centra en resumir el trabajo del cient\u00edfico de datos y las habilidades y conocimientos que \u00e9ste debe tener, comparando su trabajo con el de un analista de datos y un ingeniero de datos. La segunda parte permite clarificar conceptos b\u00e1sicos de miner\u00eda de datos y sus tareas m\u00e1s importantes, clasificaci\u00f3n, estimaci\u00f3n, agrupaci\u00f3n por similitud, reglas de asociaci\u00f3n y an\u00e1lisis de series temporales con ejemplos sencillos y operadores de RapidMiner\u00a9. Luego se presentan las tendencias y dentro de cada una de estas los retos. Se destacan las siguientes tendencias: Miner\u00eda multimedia, miner\u00eda basada en localizaci\u00f3n, miner\u00eda de datos temporales y secuenciales, la interrelaci\u00f3n entre miner\u00eda, inteligencia artificial e internet de las cosas, ilustrado con proyectos del estado del arte, algunos de estos realizados por el Grupo de I+D en Tecnolog\u00edas de la Informaci\u00f3n (GTI) de la Universidad del Cauca.\n <\/p>\n\n\n\n<p><strong>Ponente: <\/strong> Dr. Carlos Alberto Cobos Lozada<\/p>\n\n\n\n<h2><\/h2>\n\n\n\n<p ALIGN=\"justify\">El profesor Carlos Cobos naci\u00f3 en Bucaramanga, Santander, Colombia en 1971. Se gradu\u00f3 como Ingeniero de Sistemas (cum laude) y Magister en Inform\u00e1tica de la Universidad Industrial de Santander, Bucaramanga, en 1995 y 2004 respectivamente, y obtuvo su Doctorado en Ingenier\u00eda de Sistemas y Computaci\u00f3n (summa cum laude) de la Universidad Nacional de Colombia, Bogot\u00e1 D.C. en 2014. <\/p>\n\n\n\n<p ALIGN=\"justify\">Trabajo como docente catedra desde 1995 hasta inicios de 1999 en la Universidad Industrial de Santander. Despu\u00e9s, ha sido profesor titular planta tiempo completo e investigador del Departamento de Sistemas (Ciencias de la Computaci\u00f3n) de la Universidad del Cauca, Colombia. Es coautor de tres libros, catorce art\u00edculos JCR y m\u00e1s de cuarenta art\u00edculos SJR y Scielo. Ha dirigido\/codirigido la formaci\u00f3n de dos Doctores en Ingenier\u00eda Telem\u00e1tica y trece graduados de Maestr\u00eda en Computaci\u00f3n o de \u00e1reas afines.\n<br><\/br>\nSus principales \u00e1reas de inter\u00e9s incluyen la miner\u00eda de datos, la inteligencia computacional, el aprendizaje profundo, el aprendizaje de m\u00e1quina, el procesamiento de lenguaje natural, recuperaci\u00f3n de informaci\u00f3n y miner\u00eda de texto. \n<br><\/br>\nSus principales colaboraciones internacionales son con Espa\u00f1a, M\u00e9xico, Australia y Estados Unidos. Actualmente est\u00e1 clasificado como Investigador Senior en el Sistema Nacional de Investigaci\u00f3n (COLCIENCIAS) en Colombia. Ha sido Miembro Senior de la IEEE desde 2013.\n<\/p>\n\n\n\n<p><\/p>\n<\/div><\/div>\n\n\n\n<p><\/p>\n","protected":false},"excerpt":{"rendered":"<p>CONFERENCIA\u00a0 1 Tema: Potencialidades de uso de la Inteligencia Artificial en los ambientes educativos. Resumen: La Inteligencia Artificial se encuentra en su momento hist\u00f3rico de mayor inter\u00e9s y desarrollo a nivel mundial. Se ha convertido en el foco de inter\u00e9s de Mandatarios, Gobiernos, Corporaciones Internacionales y un inter\u00e9s incre\u00edble a nivel de la colectividad en [&hellip;]<\/p>\n","protected":false},"author":2,"featured_media":0,"parent":0,"menu_order":0,"comment_status":"closed","ping_status":"closed","template":"","meta":[],"_links":{"self":[{"href":"https:\/\/incics.utn.edu.ec\/index.php\/wp-json\/wp\/v2\/pages\/20"}],"collection":[{"href":"https:\/\/incics.utn.edu.ec\/index.php\/wp-json\/wp\/v2\/pages"}],"about":[{"href":"https:\/\/incics.utn.edu.ec\/index.php\/wp-json\/wp\/v2\/types\/page"}],"author":[{"embeddable":true,"href":"https:\/\/incics.utn.edu.ec\/index.php\/wp-json\/wp\/v2\/users\/2"}],"replies":[{"embeddable":true,"href":"https:\/\/incics.utn.edu.ec\/index.php\/wp-json\/wp\/v2\/comments?post=20"}],"version-history":[{"count":24,"href":"https:\/\/incics.utn.edu.ec\/index.php\/wp-json\/wp\/v2\/pages\/20\/revisions"}],"predecessor-version":[{"id":1148,"href":"https:\/\/incics.utn.edu.ec\/index.php\/wp-json\/wp\/v2\/pages\/20\/revisions\/1148"}],"wp:attachment":[{"href":"https:\/\/incics.utn.edu.ec\/index.php\/wp-json\/wp\/v2\/media?parent=20"}],"curies":[{"name":"wp","href":"https:\/\/api.w.org\/{rel}","templated":true}]}}