{"id":22,"date":"2019-02-26T22:40:23","date_gmt":"2019-02-26T22:40:23","guid":{"rendered":"https:\/\/www.utn.edu.ec\/incics\/?page_id=22"},"modified":"2019-11-02T06:26:42","modified_gmt":"2019-11-02T11:26:42","slug":"organizacion","status":"publish","type":"page","link":"https:\/\/incics.utn.edu.ec\/index.php\/organizacion\/","title":{"rendered":"Comit\u00e9 organizador"},"content":{"rendered":"\n<b><p style=\"text-align: center\">Comit\u00e9 Organizador General<\/p><\/b>\n\n\n\n<p align=\"justify\" >\u2022    Iv\u00e1n Garc\u00eda Santill\u00e1n, PhD. Universidad T\u00e9cnica del Norte. Ecuador<br>\n\u2022    Irving Reascos Paredes, PhD (c). Universidad de Minho. Portugal<br>\n\u2022    Marco Pusd\u00e1 Chulde, PhD (c). Universidad Nacional de La Plata. Argentina<br>\n\u2022    Pedro Granda Gudi\u00f1o, MSc. Universidad T\u00e9cnica del Norte. Ecuador<br>\n\u2022    Jorge Caraguay Procel, MSc. Universidad T\u00e9cnica del Norte. Ecuador<\/p>\n\n\n\n<b><p style=\"text-align: center\">Comit\u00e9 Cient\u00edfico Internacional<\/p><\/b>\n\n\n\n<ol align=\"justify\"><li>Francklin Rivas Echeverr\u00eda, PhD. Universidad T\u00e9cnica Federico Santa Mar\u00eda. Chile.<\/li><li>Enrique Vinicio Carrera, PhD. Universidad de las Fuerzas Armadas ESPE. Ecuador.<\/li><li>Marlon Renn\u00e9 Navia Mendoza, PhD. Escuela Superior Polit\u00e9cnica Agropecuaria de Manab\u00ed Manuel F\u00e9lix L\u00f3pez. Ecuador.<\/li><li>Jorge Herrera Tapia, PhD. Universidad Laica Eloy Alfaro de Manab\u00ed. Ecuador<\/li><li>Oscar Marcelo Zambrano Vizuete, PhD. Universidad T\u00e9cnica del Norte. Ecuador<\/li><li>Miguel D\u00edaz Rodr\u00edguez, PhD. Universidad de Los Andes-M\u00e9rida. Venezuela<\/li><li>Iv\u00e1n Garc\u00eda Santill\u00e1n, PhD. Universidad T\u00e9cnica del Norte. Ecuador<\/li><li>Laura Cristina Lanzarini, PhD. Universidad Nacional de La Plata. Argentina<\/li><li>Walter Marcelo Fuertes D\u00edaz, PhD. Universidad de las Fuerzas Armadas ESPE. Ecuador.<\/li><li>Fernando Manuel Uyaguari Uyaguari, PhD. Etapa Empresarial. Ecuador.<\/li><li>Cecilia Ver\u00f3nica Sanz, PhD. Universidad Nacional de La Plata. Argentina<\/li><li>Daniela L\u00f3pez De Luise, PhD. CI2S Labs. Argentina<\/li><li>Villie Morocho Zurita, PhD. Universidad de Cuenca. Ecuador<\/li><li>Diego Hern\u00e1n Peluffo Ordo\u00f1ez, PhD. Universidad Yachay Tech. Ecuador.<\/li><li>Xiomara Blanco Valencia, PhD. Universidad Polit\u00e9cnica de Madrid. Espa\u00f1a<\/li><li>Iv\u00e1n Ram\u00edrez Morales, PhD. Universidad T\u00e9cnica de Machala. Ecuador<\/li><li>Jos\u00e9 Mar\u00eda Bengochea Guevara, PhD. Consejo Superior de Investigaciones Cient\u00edficas (CSIC). Espa\u00f1a<\/li><li>Pablo Vicente Torres Carri\u00f3n, PhD. Universidad T\u00e9cnica Particular de Loja. Ecuador<\/li><li>Andrea Verenice Basantes Andrade, PhD (c). Universidad de Salamanca. Espa\u00f1a.<\/li><li>Jos\u00e9 Antonio Qui\u00f1a Mera, PhD (c). Universidad de Sevilla. Espa\u00f1a.<\/li><li>Jorge Luis Zambrano Mart\u00ednez, PhD (c). Universidad Polit\u00e9cnica de Valencia. Espa\u00f1a<\/li><li>Carlos Ramiro Pe\u00f1afiel Ojeda, PhD (c). Universidad Nacional de Chimborazo. Ecuador<\/li><li>Juan Carlos Santill\u00e1n Lima, PhD (c). Universidad Nacional de La Plata. Argentina<\/li><li>Ana Luc\u00eda Sandoval Pillajo, PhD (c). Universidad Polit\u00e9cnica de Valencia. Espa\u00f1a<\/li><li>Irving Reascos Paredes, PhD (c). Universidad de Minho. Portugal<\/li><li>Miguel Botto Tobar, PhD (c). Universidad Tecnol\u00f3gica de Eindhoven. Netherlands<\/li><li>Lorena De Los \u00c1ngeles Guachi Guachi, PhD (c). Universidad Yachay Tech. Ecuador<\/li><li>Gustavo Adolfo Sandoval Ruilova, PhD (c). Universidad Polit\u00e9cnica de Madrid. Espa\u00f1a.<\/li><li>Daisy Imbaquingo Esparza, PhD (c). Universidad Nacional de La Plata. Argentina<\/li><li>Mario Bernabe Ron Egas, PhD (c). Universidad de las Fuerzas Armadas ESPE. Ecuador<\/li><li>Cosme Macarthur Ortega Bustamante, PhD (c). Universidad Nacional de La Plata. Argentina<\/li><li>Ana Umaquinga Criollo, PhD (c). Universidad de Salamanca. Espa\u00f1a<\/li><li>Cathy Pamela Guevara Vega, PhD (c). Universidad de Sevilla. Espa\u00f1a<\/li><li>Glenda Rosal\u00eda Vera Mora, PhD (c). Universidad T\u00e9cnica de Babahoyo. Ecuador<\/li><li>Karla Susana Cantu\u00f1a Flores, PhD (c). Centro de Autom\u00e1tica y Rob\u00f3tica CSIC. Espa\u00f1a<\/li><li>Coral Calero Mu\u00f1oz, PhD (c). Universidad de Castilla-La Mancha. Espa\u00f1a<\/li><li>Pa\u00fal Rosero Montalvo, PhD (c). Universidad de Salamanca. Espa\u00f1a<\/li><li>Janneth Alexandra Chicaiza Espinosa, PhD (c). Universidad T\u00e9cnica Particular de Loja. Ecuador<\/li><li>Jorge Luis Pincay Lozada, PhD (c). Universidad Cooperativa de Colombia. Colombia<\/li><li>Juan David Garc\u00eda Gonz\u00e1lez, PhD (c). University College London. United Kingdom<\/li><li>Marco Remigio Pusd\u00e1 Chulde, PhD (c). Universidad Nacional de La Plata. Argentina<\/li><li>Dulce Milagro Rivero Albarran, MSc. Pontificia Universidad Cat\u00f3lica del Ecuador. Ecuador.<\/li><li>Segundo Eliceo Pusd\u00e1 Chulde, MSc. Pontificia Universidad Cat\u00f3lica del Ecuador. Ecuador<\/li><li>Gabriela Viviana Tub\u00f3n Usca, MSc. Escuela Superior Polit\u00e9cnica de Chimborazo. Ecuador<\/li><li>Luis David Narv\u00e1ez ERAZO, MSc. Pontificia Universidad Cat\u00f3lica del Ecuador. Ecuador<\/li><li>Mayra Salazar Grandes, MSc. Universidad de las Fuerzas Armadas ESPE. Ecuador<\/li><li>Xavier Mauricio Rea Pe\u00f1afiel, MSc. Universidad T\u00e9cnica del Norte. Ecuador.<\/li><li>V\u00edctor Manuel Caranqui S\u00e1nchez, MSc. Universidad T\u00e9cnica del Norte. Ecuador<\/li><li>Leandro Leonardo Lorente Leyva, MSc. Universidad T\u00e9cnica del Norte. Ecuador<\/li><li>Hern\u00e1n Mauricio Dom\u00ednguez Limaico, MSc. Universidad T\u00e9cnica del Norte. Ecuador<\/li><li>Edgar Maya Olalla, MSc. Universidad T\u00e9cnica del Norte. Ecuador<\/li><li>Darwin Leonidas Aguilar Salazar, MSc. Universidad de las Fuerzas Armadas ESPE. Ecuador<\/li><li>Luis A. Marrone, MSc. Universidad Nacional de La Plata. Argentina<\/li><li>Fausto Salazar Fierro, MSc. Universidad T\u00e9cnica del Norte. Ecuador<\/li><li>Stalin Marcelo Arciniegas Aguirre, MSc. Pontificia Universidad Cat\u00f3lica del Ecuador. Ecuador<\/li><li>Israel David Herrera Granda, MSc. Universidad T\u00e9cnica del Norte. Ecuador<\/li><li>Ver\u00f3nica Consuelo Tapia Cerda, MSc. Universidad T\u00e9cnica de Cotopaxi. Ecuador<\/li><li>Dunia In\u00e9s Jara Roa, MSc. Universidad T\u00e9cnica Particular de Loja. Ecuador<\/li><li>Jose Alejandro Salazar-Castro, MSc. Universidad de Nari\u00f1o. Colombia<\/li><li>Erick Patricio Herrera Granda, MSc. Universidad T\u00e9cnica del Norte. Ecuador<\/li><li>Paul Francisco Balde\u00f3n Egas, MSc. Universidad Tecnol\u00f3gica Israel. Ecuador<\/li><li>Vivian Ojeda Serna, MSc. Universidad T\u00e9cnica del Norte. Ecuador<\/li><li>David Omar Guevara Aulestia, MSc. Universidad T\u00e9cnica de Ambato. Ecuador.<\/li><li>Pablo Fernando Ordo\u00f1ez Ordo\u00f1ez, MSc. Universidad Nacional de Loja. Ecuador<\/li><li>Henry Marcelo Recalde Araujo, MSc. Universidad Tecnol\u00f3gica Israel. Ecuador.<\/li><li>Pablo Landeta L\u00f3pez, MSc. Universidad T\u00e9cnica del Norte. Ecuador<\/li><li>Luis Su\u00e1rez Zambrano, MSc. Universidad T\u00e9cnica del Norte. Ecuador<\/li><li>Nancy Guadalupe Vel\u00e1squez Villagr\u00e1n, MSc. Universidad Nacional de La Plata. Argentina<\/li><li>Lenin Omar Lara Castro, MSc. Universidad T\u00e9cnica del Norte. Ecuador<\/li><li>Marco Revelo Aldas, MSc. Universidad T\u00e9cnica del Norte. Ecuador<\/li><li>Galo Hern\u00e1n Puetate Huera, MSc. Pontificia Universidad Cat\u00f3lica del Ecuador. Ecuador<\/li><li>Martha Vanessa Agila Palacios, MSc. Universidad T\u00e9cnica Particular de Loja. Ecuador<\/li><li>Marco Patricio Abad Espinoza, MSc. Universidad T\u00e9cnica Particular de Loja. Ecuador<\/li><li>Renato Echeverria Meza, MSc. Asamblea Nacional del Ecuador. Ecuador<\/li><\/ol>\n\n\n\n<p><\/p>\n","protected":false},"excerpt":{"rendered":"<p>Comit\u00e9 Organizador General \u2022 Iv\u00e1n Garc\u00eda Santill\u00e1n, PhD. Universidad T\u00e9cnica del Norte. Ecuador \u2022 Irving Reascos Paredes, PhD (c). Universidad de Minho. Portugal \u2022 Marco Pusd\u00e1 Chulde, PhD (c). Universidad Nacional de La Plata. Argentina \u2022 Pedro Granda Gudi\u00f1o, MSc. Universidad T\u00e9cnica del Norte. Ecuador \u2022 Jorge Caraguay Procel, MSc. Universidad T\u00e9cnica del Norte. Ecuador [&hellip;]<\/p>\n","protected":false},"author":2,"featured_media":0,"parent":0,"menu_order":0,"comment_status":"closed","ping_status":"closed","template":"","meta":[],"_links":{"self":[{"href":"https:\/\/incics.utn.edu.ec\/index.php\/wp-json\/wp\/v2\/pages\/22"}],"collection":[{"href":"https:\/\/incics.utn.edu.ec\/index.php\/wp-json\/wp\/v2\/pages"}],"about":[{"href":"https:\/\/incics.utn.edu.ec\/index.php\/wp-json\/wp\/v2\/types\/page"}],"author":[{"embeddable":true,"href":"https:\/\/incics.utn.edu.ec\/index.php\/wp-json\/wp\/v2\/users\/2"}],"replies":[{"embeddable":true,"href":"https:\/\/incics.utn.edu.ec\/index.php\/wp-json\/wp\/v2\/comments?post=22"}],"version-history":[{"count":54,"href":"https:\/\/incics.utn.edu.ec\/index.php\/wp-json\/wp\/v2\/pages\/22\/revisions"}],"predecessor-version":[{"id":1318,"href":"https:\/\/incics.utn.edu.ec\/index.php\/wp-json\/wp\/v2\/pages\/22\/revisions\/1318"}],"wp:attachment":[{"href":"https:\/\/incics.utn.edu.ec\/index.php\/wp-json\/wp\/v2\/media?parent=22"}],"curies":[{"name":"wp","href":"https:\/\/api.w.org\/{rel}","templated":true}]}}