{"id":26,"date":"2019-02-26T22:41:21","date_gmt":"2019-02-26T22:41:21","guid":{"rendered":"https:\/\/www.utn.edu.ec\/incics\/?page_id=26"},"modified":"2019-10-15T14:23:40","modified_gmt":"2019-10-15T19:23:40","slug":"programa","status":"publish","type":"page","link":"https:\/\/incics.utn.edu.ec\/index.php\/programa\/","title":{"rendered":"Agenda"},"content":{"rendered":"\n<p><p style=\"text-align: justify\"> La agenda final de INCICS 2019 se encuentra disponible en el siguiente enlace:\n <br>  <\/p><\/p>\n\n\n\n<div class=\"wp-block-file\"><a href=\"https:\/\/www.utn.edu.ec\/incics\/wp-content\/uploads\/2019\/10\/Agenda-INCICS2019-v2.xlsx\">Agenda-INCICS2019 v2<\/a><a href=\"https:\/\/www.utn.edu.ec\/incics\/wp-content\/uploads\/2019\/10\/Agenda-INCICS2019-v2.xlsx\" class=\"wp-block-file__button\" download>Download<\/a><\/div>\n\n\n\n<div class=\"wp-block-file\"><a href=\"https:\/\/www.utn.edu.ec\/incics\/wp-content\/uploads\/2019\/10\/PLANTILLA_INCICS_2019.pptx\">PLANTILLA_INCICS_2019<\/a><a href=\"https:\/\/www.utn.edu.ec\/incics\/wp-content\/uploads\/2019\/10\/PLANTILLA_INCICS_2019.pptx\" class=\"wp-block-file__button\" download>Download<\/a><\/div>\n\n\n\n<p style=\"text-align: justify\">INCICS 2019 se llevar\u00e1 a cabo en 4 escenarios de la UTN: auditorio \u201cAgust\u00edn Cueva\u201d, auditorio de posgrados, sala 1 y sala 2. V\u00e9ase el mapa de referencia.<\/p>\n\n\n\n<figure class=\"wp-block-image\"><img decoding=\"async\" loading=\"lazy\" width=\"1024\" height=\"480\" src=\"https:\/\/www.utn.edu.ec\/incics\/wp-content\/uploads\/2019\/10\/UTN-foto-1024x480.png\" alt=\"\" class=\"wp-image-1139\" srcset=\"https:\/\/incics.utn.edu.ec\/wp-content\/uploads\/2019\/10\/UTN-foto-1024x480.png 1024w, https:\/\/incics.utn.edu.ec\/wp-content\/uploads\/2019\/10\/UTN-foto-300x141.png 300w, https:\/\/incics.utn.edu.ec\/wp-content\/uploads\/2019\/10\/UTN-foto-768x360.png 768w, https:\/\/incics.utn.edu.ec\/wp-content\/uploads\/2019\/10\/UTN-foto.png 1600w\" sizes=\"(max-width: 1024px) 100vw, 1024px\" \/><\/figure>\n\n\n\n<p><strong>Actividades adicionales: <\/strong><\/p>\n\n\n\n<pstyle=\"text-align: justify\">El jueves 17 de octubre, desde las 17h00 se realizar\u00e1 un <strong> City Tour<\/strong>  para los ponentes, revisores y conferencistas for\u00e1neos, el cual  visitar\u00e1 los siguientes lugares: Laguna de Yahuarcocha, Mirador del  Arc\u00e1ngel, Centro hist\u00f3rico de Ibarra, Cafeter\u00eda Casa  Blanca.<\/p>\n","protected":false},"excerpt":{"rendered":"<p>La agenda final de INCICS 2019 se encuentra disponible en el siguiente enlace: INCICS 2019 se llevar\u00e1 a cabo en 4 escenarios de la UTN: auditorio \u201cAgust\u00edn Cueva\u201d, auditorio de posgrados, sala 1 y sala 2. V\u00e9ase el mapa de referencia. Actividades adicionales: El jueves 17 de octubre, desde las 17h00 se realizar\u00e1 un City [&hellip;]<\/p>\n","protected":false},"author":2,"featured_media":0,"parent":0,"menu_order":0,"comment_status":"closed","ping_status":"closed","template":"","meta":[],"_links":{"self":[{"href":"https:\/\/incics.utn.edu.ec\/index.php\/wp-json\/wp\/v2\/pages\/26"}],"collection":[{"href":"https:\/\/incics.utn.edu.ec\/index.php\/wp-json\/wp\/v2\/pages"}],"about":[{"href":"https:\/\/incics.utn.edu.ec\/index.php\/wp-json\/wp\/v2\/types\/page"}],"author":[{"embeddable":true,"href":"https:\/\/incics.utn.edu.ec\/index.php\/wp-json\/wp\/v2\/users\/2"}],"replies":[{"embeddable":true,"href":"https:\/\/incics.utn.edu.ec\/index.php\/wp-json\/wp\/v2\/comments?post=26"}],"version-history":[{"count":39,"href":"https:\/\/incics.utn.edu.ec\/index.php\/wp-json\/wp\/v2\/pages\/26\/revisions"}],"predecessor-version":[{"id":1159,"href":"https:\/\/incics.utn.edu.ec\/index.php\/wp-json\/wp\/v2\/pages\/26\/revisions\/1159"}],"wp:attachment":[{"href":"https:\/\/incics.utn.edu.ec\/index.php\/wp-json\/wp\/v2\/media?parent=26"}],"curies":[{"name":"wp","href":"https:\/\/api.w.org\/{rel}","templated":true}]}}